





{"id":1304,"date":"2023-01-06T15:54:53","date_gmt":"2023-01-06T15:54:53","guid":{"rendered":"https:\/\/ucheldre.org\/?page_id=1304"},"modified":"2026-04-03T13:55:41","modified_gmt":"2026-04-03T13:55:41","slug":"repertory-company","status":"publish","type":"page","link":"https:\/\/ucheldre.org\/cy\/clubs-and-societies\/repertory-company\/","title":{"rendered":"Cwmni Repertory"},"content":{"rendered":"<p>Ar hyn o bryd mae\u2019r cynyrchiadau amrywiol yn cael eu cyfarwyddo gan Lyn Cuffin, Tom Wallwork a Lynne Jones.<\/p>\n<p>Er 1994 mae\u2019r Cynrychiolydd bob amser wedi bod y mwyaf gweladwy o gymdeithasau Ucheldre, gyda chynyrchiadau\u2019n cael eu gosod dwy neu dair gwaith bob blwyddyn. Fe\u2019i sefydlwyd gan Myrrha Stanford-Smith. Pan welodd y Ganolfan gyntaf, cafodd ei swyno. \u2018Belmont, castell Macbeth\u2019s, y Rialto i fy nychymyg\u2019, mae hi\u2019n cofio. Yn benderfynol o wneud Shakespeare yng Nghaergybi, dechreuodd gyda pherfformiad cofiadwy o De Tempest yn yr amffitheatr \u2013 cofiadwy yn rhannol oherwydd bod y noson gyntaf yn dymestl. Ers hynny, mae\u2019r Cynrychiolydd wedi cynnal dau fersiwn gwahanol iawn o Under Milk Wood, gweithiau gan Oscar Wilde, Chekhov, Noel Coward, ac Alan Ayckbourn, a sawl un arall gan Shakespeare, gan gynnwys cynhyrchiad hudolus o A Midsummer Night\u2019s Dream.<\/p>\n<p>Cyfarwyddodd Jan Thomas theatr ieuenctid. Aeth rhai o aelodau ifanc y Rep\u2019s, gan gynnwys Ben Crystal, Eiriona Jackson, Celyn (Barry) Jones, a Charlotte Kay, ymlaen i fyd y theatr. Cymerodd Trefor Stockwell y cwmni drosodd am gyfnod, ond mae Myrrha yn dal i fynd yn gryf, gyda chyfeiriad rhai cynyrchiadau yn cael eu cymryd gan aelodau eraill y Cynrychiolwyr, yn arbennig Peter Schofield, a Brian Davies sydd, yn anffodus, bellach wedi marw. Y Cyfarwyddwr presennol yw Tom Wallwork. Hyfforddwyd Tom ar gyfer y theatr yn yr Ysgol Ganolog Lleferydd a Drama, Llundain ac mae wedi gweithio yn y theatr ers blynyddoedd lawer.<\/p>\n<p>Mae\u2019r Cynrychiolydd Ucheldre, fel y\u2019i gelwir bellach, yn parhau i ymdrechu i fod mor broffesiynol \u00e2 phosib, gan ddod \u00e2 variety o ddram\u00e2u o safon i\u2019r Ganolfan. Mae\u2019r cwpl drama yn llawer cyfeillgar i gyd yn gweithio gyda\u2019i gilydd fel t\u00eem i ddod \u00e2\u2019r gorau o ran adloniant i chi. Mae croeso bob amser i aelodau newydd i\u2019r Cynrychiolydd. Nid oes unrhyw ffi ac nid oes angen profiad blaenorol gan fod hyfforddiant proffesiynol wrth law.<\/p>\n<p>Mae\u2019r Cynrychiolydd yn ymdrin \u00e2 phob agwedd ar y theatr, o weithio y tu \u00f4l i\u2019r llenni i berfformio ar lwyfan. Os ydych chi\u2019n teimlo yr hoffech chi ymuno, cysylltwch \u00e2 swyddfa docynnau Ucheldre ar 01407 763361 neu e-bostiwch: box@ucheldre.org.<\/p>","protected":false},"excerpt":{"rendered":"<p>Ar hyn o bryd mae\u2019r cynyrchiadau amrywiol yn cael eu cyfarwyddo gan Lyn Cuffin, Tom Wallwork a Lynne Jones. Er 1994 mae\u2019r Cynrychiolydd bob amser wedi bod y mwyaf gweladwy o gymdeithasau Ucheldre, gyda chynyrchiadau\u2019n cael eu gosod dwy neu dair gwaith bob blwyddyn. Fe\u2019i sefydlwyd gan Myrrha Stanford-Smith. Pan welodd y Ganolfan gyntaf, cafodd [&hellip;]<\/p>\n","protected":false},"author":3,"featured_media":0,"parent":17,"menu_order":0,"comment_status":"closed","ping_status":"closed","template":"page-sidebar.php","meta":{"_acf_changed":false,"footnotes":""},"class_list":["post-1304","page","type-page","status-publish","hentry"],"acf":[],"_links":{"self":[{"href":"https:\/\/ucheldre.org\/cy\/wp-json\/wp\/v2\/pages\/1304","targetHints":{"allow":["GET"]}}],"collection":[{"href":"https:\/\/ucheldre.org\/cy\/wp-json\/wp\/v2\/pages"}],"about":[{"href":"https:\/\/ucheldre.org\/cy\/wp-json\/wp\/v2\/types\/page"}],"author":[{"embeddable":true,"href":"https:\/\/ucheldre.org\/cy\/wp-json\/wp\/v2\/users\/3"}],"replies":[{"embeddable":true,"href":"https:\/\/ucheldre.org\/cy\/wp-json\/wp\/v2\/comments?post=1304"}],"version-history":[{"count":8,"href":"https:\/\/ucheldre.org\/cy\/wp-json\/wp\/v2\/pages\/1304\/revisions"}],"predecessor-version":[{"id":3057,"href":"https:\/\/ucheldre.org\/cy\/wp-json\/wp\/v2\/pages\/1304\/revisions\/3057"}],"up":[{"embeddable":true,"href":"https:\/\/ucheldre.org\/cy\/wp-json\/wp\/v2\/pages\/17"}],"wp:attachment":[{"href":"https:\/\/ucheldre.org\/cy\/wp-json\/wp\/v2\/media?parent=1304"}],"curies":[{"name":"wp","href":"https:\/\/api.w.org\/{rel}","templated":true}]}}